{"id":14,"date":"2022-09-15T18:45:05","date_gmt":"2022-09-15T16:45:05","guid":{"rendered":"https:\/\/www.issf-parnu.ee\/web\/?page_id=14"},"modified":"2022-09-15T19:06:01","modified_gmt":"2022-09-15T17:06:01","slug":"parnumaa-issf-laskurklubi","status":"publish","type":"page","link":"https:\/\/www.issf-parnu.ee\/web\/?page_id=14","title":{"rendered":"P\u00e4rnumaa ISSF Laskurklubi"},"content":{"rendered":"\n<p>Spordiklubi &#8220;P\u00e4rnumaa ISSF Laskurklubi&#8221; (edaspidi Klubi) on avalikes huvides<br>mittetulundus\u00fchinguna tegutsev kasumit mittetaotlev vabatahtlik \u00fchendus, mille eesm\u00e4rgid ja p\u00f5hitegevus on suunatud spordi ja liikumisharrastuse, eelk\u00f5ige ISSF laskespordi erinevate alade (edaspidi: spordialade) harrastamisele ja selleks tingimuste loomisele.<br><br>Klubi \u00fchendab laskespordi vastu huvi tundvaid ja selle spordialaga tegelevaid v\u00f5i selle spordiala arendamisest ning toetamisest huvitatud f\u00fc\u00fcsilisi isikuid.<br><br>Klubi juhindub oma tegevuses Eesti Vabariigi seadustest ja teistest \u00f5igusaktidest ning k\u00e4esolevast p\u00f5hikirjast.<br><br>Majandustegevuse kaudu tulu saamine ei ole Klubi eesm\u00e4rk ega p\u00f5hitegevus. Klubi tulukasutatakse p\u00f5hikirjaliste eesm\u00e4rkide saavutamiseks, tulu liikmete vahel ei jaotata.<br><br>Klubi on era\u00f5iguslik juriidiline isik, mille \u00f5igusv\u00f5ime tekib tema kandmisega<br>mittetulundus\u00fchingute ja sihtasutuste registrisse.<br><br>Klubi asukoht on P\u00e4rnu linn. Klubi on asutatud 25. august 2021 a. P\u00e4rnu linnas.<\/p>\n\n\n\n<p>Klubi tegevuse eesm\u00e4rkideks on sportimiseks ja vaba aja veetmiseks soodsate tingimuste loomine, ISSF ja muude laskespordialade (edaspidi: spordiala) viljelemine ja arendamine liikumisharrastusest v\u00f5istlusspordini ning Klubi tegevuse kaudu inimeste elukvaliteedi parandamine ja \u00fchiskondliku aktiivsuse t\u00f5stmine.<\/p>\n\n\n\n<p><\/p>\n","protected":false},"excerpt":{"rendered":"<p>Spordiklubi &#8220;P\u00e4rnumaa ISSF Laskurklubi&#8221; (edaspidi Klubi) on avalikes huvidesmittetulundus\u00fchinguna tegutsev kasumit mittetaotlev vabatahtlik \u00fchendus, mille eesm\u00e4rgid ja p\u00f5hitegevus on suunatud spordi ja liikumisharrastuse, eelk\u00f5ige ISSF laskespordi erinevate alade (edaspidi: spordialade) harrastamisele ja selleks tingimuste loomisele. Klubi \u00fchendab laskespordi vastu huvi&#8230; <a class=\"more-link\" href=\"https:\/\/www.issf-parnu.ee\/web\/?page_id=14\">Continue Reading &rarr;<\/a><\/p>\n","protected":false},"author":1,"featured_media":0,"parent":0,"menu_order":0,"comment_status":"closed","ping_status":"closed","template":"template-fullwidth.php","meta":{"footnotes":""},"class_list":["post-14","page","type-page","status-publish","hentry"],"_links":{"self":[{"href":"https:\/\/www.issf-parnu.ee\/web\/index.php?rest_route=\/wp\/v2\/pages\/14","targetHints":{"allow":["GET"]}}],"collection":[{"href":"https:\/\/www.issf-parnu.ee\/web\/index.php?rest_route=\/wp\/v2\/pages"}],"about":[{"href":"https:\/\/www.issf-parnu.ee\/web\/index.php?rest_route=\/wp\/v2\/types\/page"}],"author":[{"embeddable":true,"href":"https:\/\/www.issf-parnu.ee\/web\/index.php?rest_route=\/wp\/v2\/users\/1"}],"replies":[{"embeddable":true,"href":"https:\/\/www.issf-parnu.ee\/web\/index.php?rest_route=%2Fwp%2Fv2%2Fcomments&post=14"}],"version-history":[{"count":1,"href":"https:\/\/www.issf-parnu.ee\/web\/index.php?rest_route=\/wp\/v2\/pages\/14\/revisions"}],"predecessor-version":[{"id":15,"href":"https:\/\/www.issf-parnu.ee\/web\/index.php?rest_route=\/wp\/v2\/pages\/14\/revisions\/15"}],"wp:attachment":[{"href":"https:\/\/www.issf-parnu.ee\/web\/index.php?rest_route=%2Fwp%2Fv2%2Fmedia&parent=14"}],"curies":[{"name":"wp","href":"https:\/\/api.w.org\/{rel}","templated":true}]}}